{"id":6,"date":"2018-01-10T15:19:49","date_gmt":"2018-01-10T15:19:49","guid":{"rendered":"http:\/\/filathemes.com\/hotel-luxury\/?page_id=6"},"modified":"2021-05-29T00:17:19","modified_gmt":"2021-05-28T22:17:19","slug":"home","status":"publish","type":"page","link":"https:\/\/kuessaburgblick.de\/","title":{"rendered":"Home"},"content":{"rendered":"\t\t<div data-elementor-type=\"wp-post\" data-elementor-id=\"6\" class=\"elementor elementor-6\">\n\t\t\t\t\t\t\t\t\t<section class=\"elementor-section elementor-top-section elementor-element elementor-element-88bb291 elementor-section-boxed elementor-section-height-default elementor-section-height-default\" data-id=\"88bb291\" data-element_type=\"section\">\n\t\t\t\t\t\t<div class=\"elementor-container elementor-column-gap-default\">\n\t\t\t\t\t<div class=\"elementor-column elementor-col-33 elementor-top-column elementor-element elementor-element-1c2cb4f\" data-id=\"1c2cb4f\" data-element_type=\"column\">\n\t\t\t<div class=\"elementor-widget-wrap elementor-element-populated\">\n\t\t\t\t\t\t\t\t<div class=\"elementor-element elementor-element-0ad8f79 elementor-invisible elementor-widget elementor-widget-hotel-luxury-featured-box\" data-id=\"0ad8f79\" data-element_type=\"widget\" data-settings=\"{&quot;_animation&quot;:&quot;zoomIn&quot;}\" data-widget_type=\"hotel-luxury-featured-box.default\">\n\t\t\t\t<div class=\"elementor-widget-container\">\n\t\t\t\t\t<div class=\"banner-item-wrapper\">\n\t\t\t<div class=\"banner-item\">\n\t\t\t\t\t\t\t\t\t<div class=\"banner-details\">\n\t\t\t\t\t\t<h3 class=\"banner-title\">Neuer\u00f6ffnung ab 02.06.2021<\/h3>\n\t\t\t\t\t\t<a href=\"\/index.php\/speisekarte\" class=\"banner-more\"><\/a>\n\t\t\t\t\t<\/div>\n\t\t\t\t\t<img fetchpriority=\"high\" decoding=\"async\" width=\"642\" height=\"335\" src=\"https:\/\/kuessaburgblick.de\/wp-content\/uploads\/2021\/05\/191406190_4363139487053000_848715346383526022_n-642x335.jpg\" class=\"attachment-hotel_luxury_medium size-hotel_luxury_medium\" alt=\"\" \/>\t\t\t\t\t\t\t<\/div>\n\t\t<\/div>\n\n\t\t\t\t<\/div>\n\t\t\t\t<\/div>\n\t\t\t\t\t<\/div>\n\t\t<\/div>\n\t\t\t\t<div class=\"elementor-column elementor-col-33 elementor-top-column elementor-element elementor-element-ea56ec1\" data-id=\"ea56ec1\" data-element_type=\"column\">\n\t\t\t<div class=\"elementor-widget-wrap elementor-element-populated\">\n\t\t\t\t\t\t\t\t<div class=\"elementor-element elementor-element-07dac06 elementor-invisible elementor-widget elementor-widget-hotel-luxury-featured-box\" data-id=\"07dac06\" data-element_type=\"widget\" data-settings=\"{&quot;_animation&quot;:&quot;zoomIn&quot;}\" data-widget_type=\"hotel-luxury-featured-box.default\">\n\t\t\t\t<div class=\"elementor-widget-container\">\n\t\t\t\t\t<div class=\"banner-item-wrapper\">\n\t\t\t<div class=\"banner-item\">\n\t\t\t\t\t\t\t\t\t<div class=\"banner-details\">\n\t\t\t\t\t\t<h3 class=\"banner-title\">\u00d6ffnungszeiten<\/h3>\n\t\t\t\t\t\t<a href=\"\/index.php\/oeffnungszeiten\/\" class=\"banner-more\">informieren &rarr;<\/a>\n\t\t\t\t\t<\/div>\n\t\t\t\t\t<img decoding=\"async\" width=\"642\" height=\"335\" src=\"https:\/\/kuessaburgblick.de\/wp-content\/uploads\/2018\/01\/water-drink-detox-detox-water-122444-1-642x335.jpeg\" class=\"attachment-hotel_luxury_medium size-hotel_luxury_medium\" alt=\"\" \/>\t\t\t\t\t\t\t<\/div>\n\t\t<\/div>\n\n\t\t\t\t<\/div>\n\t\t\t\t<\/div>\n\t\t\t\t\t<\/div>\n\t\t<\/div>\n\t\t\t\t<div class=\"elementor-column elementor-col-33 elementor-top-column elementor-element elementor-element-a7f2ec2\" data-id=\"a7f2ec2\" data-element_type=\"column\">\n\t\t\t<div class=\"elementor-widget-wrap elementor-element-populated\">\n\t\t\t\t\t\t\t\t<div class=\"elementor-element elementor-element-edaf288 elementor-invisible elementor-widget elementor-widget-hotel-luxury-featured-box\" data-id=\"edaf288\" data-element_type=\"widget\" data-settings=\"{&quot;_animation&quot;:&quot;zoomIn&quot;}\" data-widget_type=\"hotel-luxury-featured-box.default\">\n\t\t\t\t<div class=\"elementor-widget-container\">\n\t\t\t\t\t<div class=\"banner-item-wrapper\">\n\t\t\t<div class=\"banner-item\">\n\t\t\t\t\t\t\t\t\t<div class=\"banner-details\">\n\t\t\t\t\t\t<h3 class=\"banner-title\">Speisekarte<\/h3>\n\t\t\t\t\t\t<a href=\"\/index.php\/speisekarte\" class=\"banner-more\">informieren &rarr;<\/a>\n\t\t\t\t\t<\/div>\n\t\t\t\t\t<img decoding=\"async\" width=\"642\" height=\"335\" src=\"https:\/\/kuessaburgblick.de\/wp-content\/uploads\/2019\/04\/img_7814-642x335.jpg\" class=\"attachment-hotel_luxury_medium size-hotel_luxury_medium\" alt=\"\" \/>\t\t\t\t\t\t\t<\/div>\n\t\t<\/div>\n\n\t\t\t\t<\/div>\n\t\t\t\t<\/div>\n\t\t\t\t\t<\/div>\n\t\t<\/div>\n\t\t\t\t\t\t\t<\/div>\n\t\t<\/section>\n\t\t\t\t<section class=\"elementor-section elementor-top-section elementor-element elementor-element-ea4e683 elementor-section-boxed elementor-section-height-default elementor-section-height-default\" data-id=\"ea4e683\" data-element_type=\"section\">\n\t\t\t\t\t\t<div class=\"elementor-container elementor-column-gap-default\">\n\t\t\t\t\t<div class=\"elementor-column elementor-col-100 elementor-top-column elementor-element elementor-element-2730b51\" data-id=\"2730b51\" data-element_type=\"column\">\n\t\t\t<div class=\"elementor-widget-wrap\">\n\t\t\t\t\t\t\t\t\t<\/div>\n\t\t<\/div>\n\t\t\t\t\t\t\t<\/div>\n\t\t<\/section>\n\t\t\t\t<section class=\"elementor-section elementor-top-section elementor-element elementor-element-d9a2b89 elementor-section-boxed elementor-section-height-default elementor-section-height-default\" data-id=\"d9a2b89\" data-element_type=\"section\">\n\t\t\t\t\t\t<div class=\"elementor-container elementor-column-gap-default\">\n\t\t\t\t\t<div class=\"elementor-column elementor-col-66 elementor-top-column elementor-element elementor-element-04713a7\" data-id=\"04713a7\" data-element_type=\"column\">\n\t\t\t<div class=\"elementor-widget-wrap elementor-element-populated\">\n\t\t\t\t\t\t\t\t<div class=\"elementor-element elementor-element-fcfec70 elementor-widget elementor-widget-text-editor\" data-id=\"fcfec70\" data-element_type=\"widget\" data-widget_type=\"text-editor.default\">\n\t\t\t\t<div class=\"elementor-widget-container\">\n\t\t\t\t\t\t\t<div class=\"builder-title-wrapper clearfix\"><p><strong>Eine kurze Reise durch die Geschichte des Restaurant\u00b4s K\u00fcssaburgblick<\/strong><\/p><p><em>Das Restaurant K\u00fcssaburgblick in Lauchringen besteht seit 2001 und wurde bis 2014 unter der Leitung von Karl-Heinz Gerster und danach in zweiter Generation von Jan Gerster und Familie bis 2020 gef\u00fchrt.<\/em><\/p><p><em>Seit Juni 2021 \u00fcbernehme nun ich, Arben Berisha, mit meiner Familie, die Leitung des Restaurant\u00b4s K\u00fcssaburgblick. Als gelernter Koch und K\u00fcchen-Meister, habe ich die gute deutsche K\u00fcche kennen und kochen gelernt. In meinem Restaurant biete ich Ihnen die deutsche K\u00fcche, erg\u00e4nzt mit einem Kulinarischen Ausflug in die italienische K\u00fcche.<\/em><\/p><p><em>In unserem Familienunternehmen, welches wir stetig mit neuen, kreativen und exklusiven Ideen erweitern, legen wir h\u00f6chsten Wert auf:\u00a0<\/em><\/p><p><em>\u00a0<\/em><\/p><p><em>&#8211; h\u00f6chste Qualit\u00e4t<\/em><\/p><p><em>&#8211; herausragenden Service<\/em><\/p><p><em>&#8211; gem\u00fctliches &amp; modernes Ambiente<\/em><\/p><p><em>&#8211; spezielle Events mit exklusiven Men\u00fcs<\/em><\/p><p><em>&#8211; und vieles mehr<\/em><\/p><p><em>\u00a0<\/em><\/p><p><em>Wir bem\u00fchen uns stets, unseren G\u00e4sten jeden Wunsch zu erf\u00fcllen und stehen auch f\u00fcr Ihre speziellen Anl\u00e4sse mit unserer Erfahrung zur Verf\u00fcgung.<\/em><\/p><\/div>\t\t\t\t\t\t<\/div>\n\t\t\t\t<\/div>\n\t\t\t\t\t<\/div>\n\t\t<\/div>\n\t\t\t\t<div class=\"elementor-column elementor-col-33 elementor-top-column elementor-element elementor-element-615acc5\" data-id=\"615acc5\" data-element_type=\"column\">\n\t\t\t<div class=\"elementor-widget-wrap elementor-element-populated\">\n\t\t\t\t\t\t\t\t<div class=\"elementor-element elementor-element-116aad1 elementor-widget elementor-widget-text-editor\" data-id=\"116aad1\" data-element_type=\"widget\" data-widget_type=\"text-editor.default\">\n\t\t\t\t<div class=\"elementor-widget-container\">\n\t\t\t\t\t\t\t<div class=\"builder-title-wrapper clearfix\"><h3 class=\"builder-item-title\">aktuelle Aktionen und Veranstaltungen<\/h3><\/div>\t\t\t\t\t\t<\/div>\n\t\t\t\t<\/div>\n\t\t\t\t\t<\/div>\n\t\t<\/div>\n\t\t\t\t\t\t\t<\/div>\n\t\t<\/section>\n\t\t\t\t\t\t\t<\/div>\n\t\t","protected":false},"excerpt":{"rendered":"<p>Neuer\u00f6ffnung ab 02.06.2021 \u00d6ffnungszeiten informieren &rarr; Speisekarte informieren &rarr; Eine kurze Reise durch die Geschichte des Restaurant\u00b4s K\u00fcssaburgblick Das Restaurant K\u00fcssaburgblick in Lauchringen besteht seit 2001 und wurde bis 2014 [&hellip;]<\/p>\n","protected":false},"author":2,"featured_media":0,"parent":0,"menu_order":0,"comment_status":"closed","ping_status":"closed","template":"fullwidth-template.php","meta":{"advanced_seo_description":"","jetpack_seo_html_title":"","jetpack_seo_noindex":false,"jetpack_post_was_ever_published":false,"footnotes":""},"class_list":["post-6","page","type-page","status-publish","hentry"],"jetpack_sharing_enabled":true,"jetpack_shortlink":"https:\/\/wp.me\/PaSSwv-6","_links":{"self":[{"href":"https:\/\/kuessaburgblick.de\/index.php\/wp-json\/wp\/v2\/pages\/6","targetHints":{"allow":["GET"]}}],"collection":[{"href":"https:\/\/kuessaburgblick.de\/index.php\/wp-json\/wp\/v2\/pages"}],"about":[{"href":"https:\/\/kuessaburgblick.de\/index.php\/wp-json\/wp\/v2\/types\/page"}],"author":[{"embeddable":true,"href":"https:\/\/kuessaburgblick.de\/index.php\/wp-json\/wp\/v2\/users\/2"}],"replies":[{"embeddable":true,"href":"https:\/\/kuessaburgblick.de\/index.php\/wp-json\/wp\/v2\/comments?post=6"}],"version-history":[{"count":40,"href":"https:\/\/kuessaburgblick.de\/index.php\/wp-json\/wp\/v2\/pages\/6\/revisions"}],"predecessor-version":[{"id":91902,"href":"https:\/\/kuessaburgblick.de\/index.php\/wp-json\/wp\/v2\/pages\/6\/revisions\/91902"}],"wp:attachment":[{"href":"https:\/\/kuessaburgblick.de\/index.php\/wp-json\/wp\/v2\/media?parent=6"}],"curies":[{"name":"wp","href":"https:\/\/api.w.org\/{rel}","templated":true}]}}