{"id":475,"date":"2019-04-09T14:11:11","date_gmt":"2019-04-09T12:11:11","guid":{"rendered":"http:\/\/test.gerster.pro\/?page_id=475"},"modified":"2025-10-05T18:56:52","modified_gmt":"2025-10-05T16:56:52","slug":"oeffnungszeiten","status":"publish","type":"page","link":"https:\/\/kuessaburgblick.de\/index.php\/oeffnungszeiten\/","title":{"rendered":"\u00d6ffnungszeiten"},"content":{"rendered":"\t\t<div data-elementor-type=\"wp-post\" data-elementor-id=\"475\" class=\"elementor elementor-475\">\n\t\t\t\t\t\t\t\t\t<section class=\"elementor-section elementor-top-section elementor-element elementor-element-9dc2b8e elementor-section-boxed elementor-section-height-default elementor-section-height-default\" data-id=\"9dc2b8e\" data-element_type=\"section\">\n\t\t\t\t\t\t<div class=\"elementor-container elementor-column-gap-default\">\n\t\t\t\t\t<div class=\"elementor-column elementor-col-100 elementor-top-column elementor-element elementor-element-0a097bd\" data-id=\"0a097bd\" data-element_type=\"column\">\n\t\t\t<div class=\"elementor-widget-wrap elementor-element-populated\">\n\t\t\t\t\t\t\t\t<div class=\"elementor-element elementor-element-e0ab57a elementor-widget elementor-widget-wp-widget-text\" data-id=\"e0ab57a\" data-element_type=\"widget\" data-widget_type=\"wp-widget-text.default\">\n\t\t\t\t<div class=\"elementor-widget-container\">\n\t\t\t\t\t\t<div class=\"textwidget\"><p><strong>Unsere \u00d6ffnungszeiten:<\/strong><\/p>\n<table style=\"height: 134px\" width=\"520\">\n<tbody>\n<tr>\n<td width=\"250\">Dienstag bis Sonntag<\/td>\n<td>9:30-14:00 und ab 17:30-22:00<\/td>\n<\/tr>\n<tr>\n<td><\/td>\n<td><\/td>\n<\/tr>\n<tr>\n<td><\/td>\n<td><\/td>\n<\/tr>\n<tr>\n<td><\/td>\n<td><\/td>\n<\/tr>\n<\/tbody>\n<\/table>\n<p>&nbsp;<\/p>\n<p>&nbsp;<\/p>\n<p><strong><u>Bei Gesellschaften gelten nach Absprache andere \u00d6ffnungszeiten (ausgenommen Montag und Dienstag). Auch Beerdigungen sind nach Absprache nat\u00fcrlich weiterhin nachmittags m\u00f6glich!<\/u><\/strong><\/p>\n<\/div>\n\t\t\t\t<\/div>\n\t\t\t\t<\/div>\n\t\t\t\t\t<\/div>\n\t\t<\/div>\n\t\t\t\t\t\t\t<\/div>\n\t\t<\/section>\n\t\t\t\t\t\t\t<\/div>\n\t\t","protected":false},"excerpt":{"rendered":"","protected":false},"author":2,"featured_media":0,"parent":0,"menu_order":0,"comment_status":"closed","ping_status":"closed","template":"","meta":{"advanced_seo_description":"","jetpack_seo_html_title":"","jetpack_seo_noindex":false,"jetpack_post_was_ever_published":false,"footnotes":""},"class_list":["post-475","page","type-page","status-publish","hentry"],"jetpack_sharing_enabled":true,"jetpack_shortlink":"https:\/\/wp.me\/PaSSwv-7F","_links":{"self":[{"href":"https:\/\/kuessaburgblick.de\/index.php\/wp-json\/wp\/v2\/pages\/475","targetHints":{"allow":["GET"]}}],"collection":[{"href":"https:\/\/kuessaburgblick.de\/index.php\/wp-json\/wp\/v2\/pages"}],"about":[{"href":"https:\/\/kuessaburgblick.de\/index.php\/wp-json\/wp\/v2\/types\/page"}],"author":[{"embeddable":true,"href":"https:\/\/kuessaburgblick.de\/index.php\/wp-json\/wp\/v2\/users\/2"}],"replies":[{"embeddable":true,"href":"https:\/\/kuessaburgblick.de\/index.php\/wp-json\/wp\/v2\/comments?post=475"}],"version-history":[{"count":14,"href":"https:\/\/kuessaburgblick.de\/index.php\/wp-json\/wp\/v2\/pages\/475\/revisions"}],"predecessor-version":[{"id":3485717,"href":"https:\/\/kuessaburgblick.de\/index.php\/wp-json\/wp\/v2\/pages\/475\/revisions\/3485717"}],"wp:attachment":[{"href":"https:\/\/kuessaburgblick.de\/index.php\/wp-json\/wp\/v2\/media?parent=475"}],"curies":[{"name":"wp","href":"https:\/\/api.w.org\/{rel}","templated":true}]}}